{"id":127,"date":"2020-10-07T06:06:53","date_gmt":"2020-10-07T06:06:53","guid":{"rendered":"https:\/\/kognito.fi\/?page_id=127"},"modified":"2021-04-13T06:29:16","modified_gmt":"2021-04-13T06:29:16","slug":"tarjouspyynto","status":"publish","type":"page","link":"https:\/\/kognito.fi\/sv\/tarjouspyynto\/","title":{"rendered":"Tarjouspyynt\u00f6"},"content":{"rendered":"<div data-elementor-type=\"wp-page\" data-elementor-id=\"127\" class=\"elementor elementor-127\">\n\t\t\t\t\t\t<div class=\"elementor-inner\">\n\t\t\t\t<div class=\"elementor-section-wrap\">\n\t\t\t\t\t\t\t\t\t<section class=\"elementor-section elementor-top-section elementor-element elementor-element-a3abfe2 elementor-section-boxed elementor-section-height-default elementor-section-height-default\" data-id=\"a3abfe2\" data-element_type=\"section\">\n\t\t\t\t\t\t<div class=\"elementor-container elementor-column-gap-default\">\n\t\t\t\t\t\t\t<div class=\"elementor-row\">\n\t\t\t\t\t<div class=\"elementor-column elementor-col-100 elementor-top-column elementor-element elementor-element-88aff60\" data-id=\"88aff60\" data-element_type=\"column\">\n\t\t\t<div class=\"elementor-column-wrap elementor-element-populated\">\n\t\t\t\t\t\t\t<div class=\"elementor-widget-wrap\">\n\t\t\t\t\t\t<div class=\"elementor-element elementor-element-d31de7f elementor-widget elementor-widget-heading\" data-id=\"d31de7f\" data-element_type=\"widget\" data-widget_type=\"heading.default\">\n\t\t\t\t<div class=\"elementor-widget-container\">\n\t\t\t<h1 class=\"elementor-heading-title elementor-size-large\">Kerro tarpeesi niin suunnitellaan yhdess\u00e4 teille sopiva kokonaisuus muistisairaan ihmisen hyv\u00e4st\u00e4 hoidosta.<\/h1>\t\t<\/div>\n\t\t\t\t<\/div>\n\t\t\t\t\t\t<\/div>\n\t\t\t\t\t<\/div>\n\t\t<\/div>\n\t\t\t\t\t\t\t\t<\/div>\n\t\t\t\t\t<\/div>\n\t\t<\/section>\n\t\t\t\t<section class=\"elementor-section elementor-top-section elementor-element elementor-element-5ac1ce9 elementor-section-boxed elementor-section-height-default elementor-section-height-default\" data-id=\"5ac1ce9\" data-element_type=\"section\">\n\t\t\t\t\t\t<div class=\"elementor-container elementor-column-gap-default\">\n\t\t\t\t\t\t\t<div class=\"elementor-row\">\n\t\t\t\t\t<div class=\"elementor-column elementor-col-50 elementor-top-column elementor-element elementor-element-0c830f7\" data-id=\"0c830f7\" data-element_type=\"column\">\n\t\t\t<div class=\"elementor-column-wrap elementor-element-populated\">\n\t\t\t\t\t\t\t<div class=\"elementor-widget-wrap\">\n\t\t\t\t\t\t<div class=\"elementor-element elementor-element-f56b014 elementor-widget elementor-widget-text-editor\" data-id=\"f56b014\" data-element_type=\"widget\" data-widget_type=\"text-editor.default\">\n\t\t\t\t<div class=\"elementor-widget-container\">\n\t\t\t\t\t\t\t\t<div class=\"elementor-text-editor elementor-clearfix\">\n\t\t\t\t<p><div role=\"form\" class=\"wpcf7\" id=\"wpcf7-f267-o1\" lang=\"en-US\" dir=\"ltr\">\n<div class=\"screen-reader-response\"><p role=\"status\" aria-live=\"polite\" aria-atomic=\"true\"><\/p> <ul><\/ul><\/div>\n<form action=\"\/sv\/wp-json\/wp\/v2\/pages\/127#wpcf7-f267-o1\" method=\"post\" class=\"wpcf7-form init\" novalidate=\"novalidate\" data-status=\"init\" data-trp-original-action=\"\/sv\/wp-json\/wp\/v2\/pages\/127#wpcf7-f267-o1\">\n<div style=\"display: none;\">\n<input type=\"hidden\" name=\"_wpcf7\" value=\"267\" \/>\n<input type=\"hidden\" name=\"_wpcf7_version\" value=\"5.6.3\" \/>\n<input type=\"hidden\" name=\"_wpcf7_locale\" value=\"en_US\" \/>\n<input type=\"hidden\" name=\"_wpcf7_unit_tag\" value=\"wpcf7-f267-o1\" \/>\n<input type=\"hidden\" name=\"_wpcf7_container_post\" value=\"0\" \/>\n<input type=\"hidden\" name=\"_wpcf7_posted_data_hash\" value=\"\" \/>\n<\/div>\n<p><label> Nimi <\/label><br \/>\n<span class=\"wpcf7-form-control-wrap\" data-name=\"Nimi\"><input type=\"text\" name=\"Nimi\" value=\"\" size=\"40\" class=\"wpcf7-form-control wpcf7-text\" aria-invalid=\"false\" \/><\/span><\/p>\n<p><label> S\u00e4hk\u00f6postiosoite <\/label><br \/>\n<span class=\"wpcf7-form-control-wrap\" data-name=\"Sahkoposti\"><input type=\"text\" name=\"Sahkoposti\" value=\"\" size=\"40\" class=\"wpcf7-form-control wpcf7-text wpcf7-validates-as-required\" aria-required=\"true\" aria-invalid=\"false\" \/><\/span><\/p>\n<p><label> Puhelinnumero<\/label><br \/>\n  <span class=\"wpcf7-form-control-wrap\" data-name=\"Puhelin\"><input type=\"text\" name=\"Puhelin\" value=\"\" size=\"40\" class=\"wpcf7-form-control wpcf7-text\" aria-invalid=\"false\" \/><\/span><\/p>\n<p><label> Aihe<\/label><br \/>\n <span class=\"wpcf7-form-control-wrap\" data-name=\"Aihe\"><input type=\"text\" name=\"Aihe\" value=\"\" size=\"40\" class=\"wpcf7-form-control wpcf7-text wpcf7-validates-as-required\" aria-required=\"true\" aria-invalid=\"false\" \/><\/span><\/p>\n<p><label> Viesti<br \/>\n   <span class=\"wpcf7-form-control-wrap\" data-name=\"Viesti\"><textarea name=\"Viesti\" cols=\"40\" rows=\"10\" class=\"wpcf7-form-control wpcf7-textarea wpcf7-validates-as-required\" aria-required=\"true\" aria-invalid=\"false\" placeholder=\"Kirjoita viesti t\u00e4h\u00e4n\"><\/textarea><\/span> <\/label><\/p>\n<p><label> Kirjoita alla olevat merkit kentt\u00e4\u00e4n. <\/label><\/p>\n<p><input type=\"hidden\" name=\"_wpcf7_captcha_challenge_captcha-170\" value=\"3791616554\" \/><img loading=\"lazy\" class=\"wpcf7-form-control wpcf7-captchac wpcf7-captcha-captcha-170\" width=\"72\" height=\"24\" alt=\"captcha\" src=\"https:\/\/kognito.fi\/wp-content\/uploads\/wpcf7_captcha\/3791616554.png\" \/><br \/>\n<span class=\"wpcf7-form-control-wrap\" data-name=\"captcha-170\"><input type=\"text\" name=\"captcha-170\" value=\"\" size=\"4\" maxlength=\"4\" class=\"wpcf7-form-control wpcf7-captchar\" autocomplete=\"off\" aria-invalid=\"false\" \/><\/span><\/p>\n<p><input type=\"submit\" value=\"L\u00e4het\u00e4\" class=\"wpcf7-form-control has-spinner wpcf7-submit\" \/><\/p>\n<div class=\"wpcf7-response-output\" aria-hidden=\"true\"><\/div><input type=\"hidden\" name=\"trp-form-language\" value=\"sv\"\/><\/form><\/div><\/p>\t\t\t\t\t<\/div>\n\t\t\t\t\t\t<\/div>\n\t\t\t\t<\/div>\n\t\t\t\t\t\t<\/div>\n\t\t\t\t\t<\/div>\n\t\t<\/div>\n\t\t\t\t<div class=\"elementor-column elementor-col-50 elementor-top-column elementor-element elementor-element-4ef73c4\" data-id=\"4ef73c4\" data-element_type=\"column\">\n\t\t\t<div class=\"elementor-column-wrap elementor-element-populated\">\n\t\t\t\t\t\t\t<div class=\"elementor-widget-wrap\">\n\t\t\t\t\t\t<div class=\"elementor-element elementor-element-ae427f9 elementor-widget elementor-widget-image\" data-id=\"ae427f9\" data-element_type=\"widget\" data-widget_type=\"image.default\">\n\t\t\t\t<div class=\"elementor-widget-container\">\n\t\t\t\t\t\t\t\t<div class=\"elementor-image\">\n\t\t\t\t\t\t\t\t\t\t\t\t<img width=\"525\" height=\"672\" src=\"https:\/\/kognito.fi\/wp-content\/uploads\/2021\/03\/DSC03809kopio-768x983.jpg\" class=\"attachment-medium_large size-medium_large\" alt=\"\" loading=\"lazy\" srcset=\"https:\/\/kognito.fi\/wp-content\/uploads\/2021\/03\/DSC03809kopio-768x983.jpg 768w, https:\/\/kognito.fi\/wp-content\/uploads\/2021\/03\/DSC03809kopio-235x300.jpg 235w, https:\/\/kognito.fi\/wp-content\/uploads\/2021\/03\/DSC03809kopio-800x1024.jpg 800w, https:\/\/kognito.fi\/wp-content\/uploads\/2021\/03\/DSC03809kopio-1201x1536.jpg 1201w, https:\/\/kognito.fi\/wp-content\/uploads\/2021\/03\/DSC03809kopio-9x12.jpg 9w, https:\/\/kognito.fi\/wp-content\/uploads\/2021\/03\/DSC03809kopio.jpg 1561w\" sizes=\"(max-width: 525px) 100vw, 525px\" \/>\t\t\t\t\t\t\t\t\t\t\t\t\t\t<\/div>\n\t\t\t\t\t\t<\/div>\n\t\t\t\t<\/div>\n\t\t\t\t<div class=\"elementor-element elementor-element-6e616be elementor-widget elementor-widget-text-editor\" data-id=\"6e616be\" data-element_type=\"widget\" data-widget_type=\"text-editor.default\">\n\t\t\t\t<div class=\"elementor-widget-container\">\n\t\t\t\t\t\t\t\t<div class=\"elementor-text-editor elementor-clearfix\">\n\t\t\t\t<h1>Sofie Klaw\u00e9r-Kallio, kouluttaja<\/h1>\t\t\t\t\t<\/div>\n\t\t\t\t\t\t<\/div>\n\t\t\t\t<\/div>\n\t\t\t\t\t\t<\/div>\n\t\t\t\t\t<\/div>\n\t\t<\/div>\n\t\t\t\t\t\t\t\t<\/div>\n\t\t\t\t\t<\/div>\n\t\t<\/section>\n\t\t\t\t<section class=\"elementor-section elementor-top-section elementor-element elementor-element-4fdccfc elementor-section-boxed elementor-section-height-default elementor-section-height-default\" data-id=\"4fdccfc\" data-element_type=\"section\">\n\t\t\t\t\t\t<div class=\"elementor-container elementor-column-gap-default\">\n\t\t\t\t\t\t\t<div class=\"elementor-row\">\n\t\t\t\t\t<div class=\"elementor-column elementor-col-100 elementor-top-column elementor-element elementor-element-d3fd1eb\" data-id=\"d3fd1eb\" data-element_type=\"column\">\n\t\t\t<div class=\"elementor-column-wrap\">\n\t\t\t\t\t\t\t<div class=\"elementor-widget-wrap\">\n\t\t\t\t\t\t\t\t<\/div>\n\t\t\t\t\t<\/div>\n\t\t<\/div>\n\t\t\t\t\t\t\t\t<\/div>\n\t\t\t\t\t<\/div>\n\t\t<\/section>\n\t\t\t\t\t\t\t\t\t<\/div>\n\t\t\t<\/div>\n\t\t\t\t\t<\/div>","protected":false},"excerpt":{"rendered":"<p>Kerro tarpeesi niin suunnitellaan yhdess\u00e4 teille sopiva kokonaisuus muistisairaan ihmisen hyv\u00e4st\u00e4 hoidosta. Sofie Klaw\u00e9r-Kallio, kouluttaja<\/p>","protected":false},"author":1,"featured_media":134,"parent":0,"menu_order":0,"comment_status":"closed","ping_status":"closed","template":"","meta":[],"_links":{"self":[{"href":"https:\/\/kognito.fi\/sv\/wp-json\/wp\/v2\/pages\/127"}],"collection":[{"href":"https:\/\/kognito.fi\/sv\/wp-json\/wp\/v2\/pages"}],"about":[{"href":"https:\/\/kognito.fi\/sv\/wp-json\/wp\/v2\/types\/page"}],"author":[{"embeddable":true,"href":"https:\/\/kognito.fi\/sv\/wp-json\/wp\/v2\/users\/1"}],"replies":[{"embeddable":true,"href":"https:\/\/kognito.fi\/sv\/wp-json\/wp\/v2\/comments?post=127"}],"version-history":[{"count":17,"href":"https:\/\/kognito.fi\/sv\/wp-json\/wp\/v2\/pages\/127\/revisions"}],"predecessor-version":[{"id":686,"href":"https:\/\/kognito.fi\/sv\/wp-json\/wp\/v2\/pages\/127\/revisions\/686"}],"wp:featuredmedia":[{"embeddable":true,"href":"https:\/\/kognito.fi\/sv\/wp-json\/wp\/v2\/media\/134"}],"wp:attachment":[{"href":"https:\/\/kognito.fi\/sv\/wp-json\/wp\/v2\/media?parent=127"}],"curies":[{"name":"wp","href":"https:\/\/api.w.org\/{rel}","templated":true}]}}