{"id":7,"date":"2020-08-28T07:32:47","date_gmt":"2020-08-28T07:32:47","guid":{"rendered":"https:\/\/kognito.fi\/?page_id=7"},"modified":"2022-09-17T15:26:12","modified_gmt":"2022-09-17T15:26:12","slug":"tietoa","status":"publish","type":"page","link":"https:\/\/kognito.fi\/fi\/tietoa\/","title":{"rendered":"Tietoa"},"content":{"rendered":"\t\t<div data-elementor-type=\"wp-page\" data-elementor-id=\"7\" class=\"elementor elementor-7\">\n\t\t\t\t\t\t<div class=\"elementor-inner\">\n\t\t\t\t<div class=\"elementor-section-wrap\">\n\t\t\t\t\t\t\t\t\t<section class=\"elementor-section elementor-top-section elementor-element elementor-element-f9486fd elementor-section-boxed elementor-section-height-default elementor-section-height-default\" data-id=\"f9486fd\" data-element_type=\"section\">\n\t\t\t\t\t\t<div class=\"elementor-container elementor-column-gap-default\">\n\t\t\t\t\t\t\t<div class=\"elementor-row\">\n\t\t\t\t\t<div class=\"elementor-column elementor-col-100 elementor-top-column elementor-element elementor-element-b287fc8\" data-id=\"b287fc8\" data-element_type=\"column\">\n\t\t\t<div class=\"elementor-column-wrap elementor-element-populated\">\n\t\t\t\t\t\t\t<div class=\"elementor-widget-wrap\">\n\t\t\t\t\t\t<div class=\"elementor-element elementor-element-26ca70d elementor-widget elementor-widget-heading\" data-id=\"26ca70d\" data-element_type=\"widget\" data-widget_type=\"heading.default\">\n\t\t\t\t<div class=\"elementor-widget-container\">\n\t\t\t<h1 class=\"elementor-heading-title elementor-size-xl\">Tietoa<\/h1>\t\t<\/div>\n\t\t\t\t<\/div>\n\t\t\t\t\t\t<\/div>\n\t\t\t\t\t<\/div>\n\t\t<\/div>\n\t\t\t\t\t\t\t\t<\/div>\n\t\t\t\t\t<\/div>\n\t\t<\/section>\n\t\t\t\t<section class=\"elementor-section elementor-top-section elementor-element elementor-element-6f0664b2 elementor-section-boxed elementor-section-height-default elementor-section-height-default\" data-id=\"6f0664b2\" data-element_type=\"section\">\n\t\t\t\t\t\t<div class=\"elementor-container elementor-column-gap-default\">\n\t\t\t\t\t\t\t<div class=\"elementor-row\">\n\t\t\t\t\t<div class=\"elementor-column elementor-col-100 elementor-top-column elementor-element elementor-element-297fba0a\" data-id=\"297fba0a\" data-element_type=\"column\">\n\t\t\t<div class=\"elementor-column-wrap elementor-element-populated\">\n\t\t\t\t\t\t\t<div class=\"elementor-widget-wrap\">\n\t\t\t\t\t\t<div class=\"elementor-element elementor-element-3ae89bd1 elementor-widget elementor-widget-text-editor\" data-id=\"3ae89bd1\" data-element_type=\"widget\" data-widget_type=\"text-editor.default\">\n\t\t\t\t<div class=\"elementor-widget-container\">\n\t\t\t\t\t\t\t\t<div class=\"elementor-text-editor elementor-clearfix\">\n\t\t\t\t<p>Toimimme yksil\u00f6l\u00e4ht\u00f6inen toimintatapaa noudattaen ja tarjoamme korkealaatuista osaamista. Ty\u00f6mme keskipisteess\u00e4 on aina muistisairautta sairastavan ihmisen kunnioitus, arvokkuus ja kunniallisuus ja se toimii l\u00e4ht\u00f6kohtana kaikessa mit\u00e4 teemme.<\/p>\n<p>Kouluttajamme Sofie Klaw\u00e9r-Kallio omaa pitk\u00e4n kokemuksen sosiaali- ja terveyden huoltoalalta. Sofie on pohjakoulutukseltaan terveydenhoitaja sek\u00e4 valmistunut suomen ensimm\u00e4iseksi Kuningatar Silvian nime\u00e4m\u00e4ksi Silvia sairaanhoitajaksi. Silvia sairaanhoitaja on erikoistunut muistisairauksiin ja kognitiivisiin sairauksiin sek\u00e4 heid\u00e4n kunnioittavaan yksil\u00f6l\u00e4ht\u00f6iseen l\u00e4hestymistapaan. Sofie valmistui v. 2020 my\u00f6s maisteriksi Huolenpitotieteisiin Tukholmasta.<\/p>\n<p>Sofie omaa monimuotoisen kokemuksen niin kliiniselt\u00e4 kuin hallinnolliselta puolelta muistisairautta sairastavien ihmisten hoidosta.<\/p>\t\t\t\t\t<\/div>\n\t\t\t\t\t\t<\/div>\n\t\t\t\t<\/div>\n\t\t\t\t\t\t<\/div>\n\t\t\t\t\t<\/div>\n\t\t<\/div>\n\t\t\t\t\t\t\t\t<\/div>\n\t\t\t\t\t<\/div>\n\t\t<\/section>\n\t\t\t\t<section class=\"elementor-section elementor-top-section elementor-element elementor-element-30030a0 elementor-section-boxed elementor-section-height-default elementor-section-height-default\" data-id=\"30030a0\" data-element_type=\"section\">\n\t\t\t\t\t\t<div class=\"elementor-container elementor-column-gap-default\">\n\t\t\t\t\t\t\t<div class=\"elementor-row\">\n\t\t\t\t\t<div class=\"elementor-column elementor-col-100 elementor-top-column elementor-element elementor-element-209a67a\" data-id=\"209a67a\" data-element_type=\"column\">\n\t\t\t<div class=\"elementor-column-wrap elementor-element-populated\">\n\t\t\t\t\t\t\t<div class=\"elementor-widget-wrap\">\n\t\t\t\t\t\t<div class=\"elementor-element elementor-element-af1a3d7 elementor-widget elementor-widget-spacer\" data-id=\"af1a3d7\" data-element_type=\"widget\" data-widget_type=\"spacer.default\">\n\t\t\t\t<div class=\"elementor-widget-container\">\n\t\t\t\t\t<div class=\"elementor-spacer\">\n\t\t\t<div class=\"elementor-spacer-inner\"><\/div>\n\t\t<\/div>\n\t\t\t\t<\/div>\n\t\t\t\t<\/div>\n\t\t\t\t\t\t<\/div>\n\t\t\t\t\t<\/div>\n\t\t<\/div>\n\t\t\t\t\t\t\t\t<\/div>\n\t\t\t\t\t<\/div>\n\t\t<\/section>\n\t\t\t\t<section class=\"elementor-section elementor-top-section elementor-element elementor-element-b7d646c elementor-section-boxed elementor-section-height-default elementor-section-height-default\" data-id=\"b7d646c\" data-element_type=\"section\">\n\t\t\t\t\t\t<div class=\"elementor-container elementor-column-gap-default\">\n\t\t\t\t\t\t\t<div class=\"elementor-row\">\n\t\t\t\t\t<div class=\"elementor-column elementor-col-100 elementor-top-column elementor-element elementor-element-1ebc406\" data-id=\"1ebc406\" data-element_type=\"column\">\n\t\t\t<div class=\"elementor-column-wrap elementor-element-populated\">\n\t\t\t\t\t\t\t<div class=\"elementor-widget-wrap\">\n\t\t\t\t\t\t<div class=\"elementor-element elementor-element-c4f658d logokuva elementor-widget elementor-widget-image\" data-id=\"c4f658d\" data-element_type=\"widget\" id=\"logokuva\" data-widget_type=\"image.default\">\n\t\t\t\t<div class=\"elementor-widget-container\">\n\t\t\t\t\t\t\t\t<div class=\"elementor-image\">\n\t\t\t\t\t\t\t\t\t\t\t\t<img width=\"1986\" height=\"154\" src=\"https:\/\/kognito.fi\/wp-content\/uploads\/2021\/03\/Kognito_banner.jpg\" class=\"attachment-2048x2048 size-2048x2048\" alt=\"\" loading=\"lazy\" srcset=\"https:\/\/kognito.fi\/wp-content\/uploads\/2021\/03\/Kognito_banner.jpg 1986w, https:\/\/kognito.fi\/wp-content\/uploads\/2021\/03\/Kognito_banner-300x23.jpg 300w, https:\/\/kognito.fi\/wp-content\/uploads\/2021\/03\/Kognito_banner-1024x79.jpg 1024w, https:\/\/kognito.fi\/wp-content\/uploads\/2021\/03\/Kognito_banner-768x60.jpg 768w, https:\/\/kognito.fi\/wp-content\/uploads\/2021\/03\/Kognito_banner-1536x119.jpg 1536w, https:\/\/kognito.fi\/wp-content\/uploads\/2021\/03\/Kognito_banner-16x1.jpg 16w\" sizes=\"(max-width: 1986px) 100vw, 1986px\" \/>\t\t\t\t\t\t\t\t\t\t\t\t\t\t<\/div>\n\t\t\t\t\t\t<\/div>\n\t\t\t\t<\/div>\n\t\t\t\t\t\t<\/div>\n\t\t\t\t\t<\/div>\n\t\t<\/div>\n\t\t\t\t\t\t\t\t<\/div>\n\t\t\t\t\t<\/div>\n\t\t<\/section>\n\t\t\t\t\t\t\t\t\t<\/div>\n\t\t\t<\/div>\n\t\t\t\t\t<\/div>\n\t\t","protected":false},"excerpt":{"rendered":"<p>Tietoa Toimimme yksil\u00f6l\u00e4ht\u00f6inen toimintatapaa noudattaen ja tarjoamme korkealaatuista osaamista. Ty\u00f6mme keskipisteess\u00e4 on aina muistisairautta sairastavan ihmisen kunnioitus, arvokkuus ja kunniallisuus ja se toimii l\u00e4ht\u00f6kohtana kaikessa&hellip;<\/p>\n","protected":false},"author":1,"featured_media":440,"parent":0,"menu_order":0,"comment_status":"closed","ping_status":"closed","template":"","meta":[],"_links":{"self":[{"href":"https:\/\/kognito.fi\/fi\/wp-json\/wp\/v2\/pages\/7"}],"collection":[{"href":"https:\/\/kognito.fi\/fi\/wp-json\/wp\/v2\/pages"}],"about":[{"href":"https:\/\/kognito.fi\/fi\/wp-json\/wp\/v2\/types\/page"}],"author":[{"embeddable":true,"href":"https:\/\/kognito.fi\/fi\/wp-json\/wp\/v2\/users\/1"}],"replies":[{"embeddable":true,"href":"https:\/\/kognito.fi\/fi\/wp-json\/wp\/v2\/comments?post=7"}],"version-history":[{"count":21,"href":"https:\/\/kognito.fi\/fi\/wp-json\/wp\/v2\/pages\/7\/revisions"}],"predecessor-version":[{"id":735,"href":"https:\/\/kognito.fi\/fi\/wp-json\/wp\/v2\/pages\/7\/revisions\/735"}],"wp:featuredmedia":[{"embeddable":true,"href":"https:\/\/kognito.fi\/fi\/wp-json\/wp\/v2\/media\/440"}],"wp:attachment":[{"href":"https:\/\/kognito.fi\/fi\/wp-json\/wp\/v2\/media?parent=7"}],"curies":[{"name":"wp","href":"https:\/\/api.w.org\/{rel}","templated":true}]}}