{"id":34,"date":"2020-08-28T07:44:41","date_gmt":"2020-08-28T07:44:41","guid":{"rendered":"https:\/\/kognito.fi\/?page_id=34"},"modified":"2022-09-17T15:12:41","modified_gmt":"2022-09-17T15:12:41","slug":"etusivu","status":"publish","type":"page","link":"https:\/\/kognito.fi\/fi\/","title":{"rendered":"Etusivu"},"content":{"rendered":"\t\t<div data-elementor-type=\"wp-page\" data-elementor-id=\"34\" class=\"elementor elementor-34\">\n\t\t\t\t\t\t<div class=\"elementor-inner\">\n\t\t\t\t<div class=\"elementor-section-wrap\">\n\t\t\t\t\t\t\t\t\t<section class=\"elementor-section elementor-top-section elementor-element elementor-element-c198e17 elementor-section-height-full elementor-section-stretched elementor-section-boxed elementor-section-height-default elementor-section-items-middle\" data-id=\"c198e17\" data-element_type=\"section\" data-settings=\"{&quot;stretch_section&quot;:&quot;section-stretched&quot;,&quot;background_background&quot;:&quot;classic&quot;}\">\n\t\t\t\t\t\t<div class=\"elementor-container elementor-column-gap-default\">\n\t\t\t\t\t\t\t<div class=\"elementor-row\">\n\t\t\t\t\t<div class=\"elementor-column elementor-col-100 elementor-top-column elementor-element elementor-element-efbb329\" data-id=\"efbb329\" data-element_type=\"column\">\n\t\t\t<div class=\"elementor-column-wrap elementor-element-populated\">\n\t\t\t\t\t\t\t<div class=\"elementor-widget-wrap\">\n\t\t\t\t\t\t<div class=\"elementor-element elementor-element-588459d elementor-widget__width-initial elementor-absolute elementor-widget elementor-widget-heading\" data-id=\"588459d\" data-element_type=\"widget\" data-settings=\"{&quot;_position&quot;:&quot;absolute&quot;}\" data-widget_type=\"heading.default\">\n\t\t\t\t<div class=\"elementor-widget-container\">\n\t\t\t<h1 class=\"elementor-heading-title elementor-size-default\">Ajattele jos ik\u00e4\u00e4ntyminen olisi kuin el\u00e4m\u00e4n kev\u00e4t?<\/h1>\t\t<\/div>\n\t\t\t\t<\/div>\n\t\t\t\t\t\t<\/div>\n\t\t\t\t\t<\/div>\n\t\t<\/div>\n\t\t\t\t\t\t\t\t<\/div>\n\t\t\t\t\t<\/div>\n\t\t<\/section>\n\t\t\t\t<section class=\"elementor-section elementor-top-section elementor-element elementor-element-be31c03 elementor-section-boxed elementor-section-height-default elementor-section-height-default\" data-id=\"be31c03\" data-element_type=\"section\">\n\t\t\t\t\t\t<div class=\"elementor-container elementor-column-gap-default\">\n\t\t\t\t\t\t\t<div class=\"elementor-row\">\n\t\t\t\t\t<div class=\"elementor-column elementor-col-100 elementor-top-column elementor-element elementor-element-d323c9b\" data-id=\"d323c9b\" data-element_type=\"column\">\n\t\t\t<div class=\"elementor-column-wrap elementor-element-populated\">\n\t\t\t\t\t\t\t<div class=\"elementor-widget-wrap\">\n\t\t\t\t\t\t<div class=\"elementor-element elementor-element-d56dd57 elementor-widget-mobile__width-inherit elementor-absolute elementor-widget elementor-widget-spacer\" data-id=\"d56dd57\" data-element_type=\"widget\" data-settings=\"{&quot;_position&quot;:&quot;absolute&quot;}\" data-widget_type=\"spacer.default\">\n\t\t\t\t<div class=\"elementor-widget-container\">\n\t\t\t\t\t<div class=\"elementor-spacer\">\n\t\t\t<div class=\"elementor-spacer-inner\"><\/div>\n\t\t<\/div>\n\t\t\t\t<\/div>\n\t\t\t\t<\/div>\n\t\t\t\t\t\t<\/div>\n\t\t\t\t\t<\/div>\n\t\t<\/div>\n\t\t\t\t\t\t\t\t<\/div>\n\t\t\t\t\t<\/div>\n\t\t<\/section>\n\t\t\t\t<section class=\"elementor-section elementor-top-section elementor-element elementor-element-6326249 elementor-section-boxed elementor-section-height-default elementor-section-height-default\" data-id=\"6326249\" data-element_type=\"section\">\n\t\t\t\t\t\t<div class=\"elementor-container elementor-column-gap-default\">\n\t\t\t\t\t\t\t<div class=\"elementor-row\">\n\t\t\t\t\t<div class=\"elementor-column elementor-col-100 elementor-top-column elementor-element elementor-element-79e7863\" data-id=\"79e7863\" data-element_type=\"column\">\n\t\t\t<div class=\"elementor-column-wrap elementor-element-populated\">\n\t\t\t\t\t\t\t<div class=\"elementor-widget-wrap\">\n\t\t\t\t\t\t<div class=\"elementor-element elementor-element-4248f6b elementor-widget elementor-widget-heading\" data-id=\"4248f6b\" data-element_type=\"widget\" data-widget_type=\"heading.default\">\n\t\t\t\t<div class=\"elementor-widget-container\">\n\t\t\t<h1 class=\"elementor-heading-title elementor-size-large\">MUISTISAIRAAN IHMISEN HYV\u00c4N HOIDON KOULUTUSPALVELU<\/h1>\t\t<\/div>\n\t\t\t\t<\/div>\n\t\t\t\t\t\t<\/div>\n\t\t\t\t\t<\/div>\n\t\t<\/div>\n\t\t\t\t\t\t\t\t<\/div>\n\t\t\t\t\t<\/div>\n\t\t<\/section>\n\t\t\t\t<section class=\"elementor-section elementor-top-section elementor-element elementor-element-d5b7a22 elementor-section-boxed elementor-section-height-default elementor-section-height-default\" data-id=\"d5b7a22\" data-element_type=\"section\">\n\t\t\t\t\t\t<div class=\"elementor-container elementor-column-gap-default\">\n\t\t\t\t\t\t\t<div class=\"elementor-row\">\n\t\t\t\t\t<div class=\"elementor-column elementor-col-50 elementor-top-column elementor-element elementor-element-2a52bd4\" data-id=\"2a52bd4\" data-element_type=\"column\">\n\t\t\t<div class=\"elementor-column-wrap elementor-element-populated\">\n\t\t\t\t\t\t\t<div class=\"elementor-widget-wrap\">\n\t\t\t\t\t\t<div class=\"elementor-element elementor-element-5a1fe0c elementor-widget elementor-widget-text-editor\" data-id=\"5a1fe0c\" data-element_type=\"widget\" data-widget_type=\"text-editor.default\">\n\t\t\t\t<div class=\"elementor-widget-container\">\n\t\t\t\t\t\t\t\t<div class=\"elementor-text-editor elementor-clearfix\">\n\t\t\t\t<p>Kognito Finland Oy Ab on vuonna 2021 perustettu kaksikielinen yritys tavoitteenaan tarjota korkealaatuista osaamista sek\u00e4 t\u00e4ydennyskoulutusta kaikille, jotka kohtaavat henkil\u00f6it\u00e4, joilla todettu jokin muistisairaus sek\u00e4 lis\u00e4t\u00e4 tietoa muistisairauksista ja ymm\u00e4rryst\u00e4 muistisairaita ihmisi\u00e4 kohtaan. Palvelut ja koulutukset tarjotaan sek\u00e4 suomen, ruotsin ett\u00e4 englannin kielell\u00e4.<\/p><p>Kognito Finland Oy Ab:n tarjoamat palvelut perustuvat yksil\u00f6l\u00e4ht\u00f6iseen ja ihmiskeskeiseen l\u00e4hestymistapaan ja kouluttajaltamme l\u00f6ytyy laajaa osaamista muistity\u00f6st\u00e4. Muistisairaus koskettaa koko perhett\u00e4 ja panostamme kaikkien asianomaisten osallistamiseen, jossa jokaisen panos on ensisijaisen t\u00e4rke\u00e4.<\/p><p>Tarjoamme konsultaatio- ja koulutuspalveluja asiakkaan toimitiloissa, puhelimitse ja s\u00e4hk\u00f6isten alustojen v\u00e4lityksell\u00e4. Tuemme teit\u00e4 mielell\u00e4mme kehitysty\u00f6ss\u00e4nne niin kertaluontoisesti, kun pidempiaikaisemmissa projekteissa.<\/p>\t\t\t\t\t<\/div>\n\t\t\t\t\t\t<\/div>\n\t\t\t\t<\/div>\n\t\t\t\t\t\t<\/div>\n\t\t\t\t\t<\/div>\n\t\t<\/div>\n\t\t\t\t<div class=\"elementor-column elementor-col-50 elementor-top-column elementor-element elementor-element-045c89f\" data-id=\"045c89f\" data-element_type=\"column\">\n\t\t\t<div class=\"elementor-column-wrap elementor-element-populated\">\n\t\t\t\t\t\t\t<div class=\"elementor-widget-wrap\">\n\t\t\t\t\t\t<div class=\"elementor-element elementor-element-249513b elementor-widget elementor-widget-image\" data-id=\"249513b\" data-element_type=\"widget\" data-widget_type=\"image.default\">\n\t\t\t\t<div class=\"elementor-widget-container\">\n\t\t\t\t\t\t\t\t<div class=\"elementor-image\">\n\t\t\t\t\t\t\t\t\t\t\t\t<img width=\"525\" height=\"634\" src=\"https:\/\/kognito.fi\/wp-content\/uploads\/2021\/03\/DSC03788_kopio-768x928.jpg\" class=\"attachment-medium_large size-medium_large\" alt=\"Kouluttaja Sofie Klaw\u00e9r-Kallio\" loading=\"lazy\" srcset=\"https:\/\/kognito.fi\/wp-content\/uploads\/2021\/03\/DSC03788_kopio-768x928.jpg 768w, https:\/\/kognito.fi\/wp-content\/uploads\/2021\/03\/DSC03788_kopio-248x300.jpg 248w, https:\/\/kognito.fi\/wp-content\/uploads\/2021\/03\/DSC03788_kopio-847x1024.jpg 847w, https:\/\/kognito.fi\/wp-content\/uploads\/2021\/03\/DSC03788_kopio-1271x1536.jpg 1271w, https:\/\/kognito.fi\/wp-content\/uploads\/2021\/03\/DSC03788_kopio-1694x2048.jpg 1694w, https:\/\/kognito.fi\/wp-content\/uploads\/2021\/03\/DSC03788_kopio-10x12.jpg 10w, https:\/\/kognito.fi\/wp-content\/uploads\/2021\/03\/DSC03788_kopio.jpg 1857w\" sizes=\"(max-width: 525px) 100vw, 525px\" \/>\t\t\t\t\t\t\t\t\t\t\t\t\t\t<\/div>\n\t\t\t\t\t\t<\/div>\n\t\t\t\t<\/div>\n\t\t\t\t\t\t<\/div>\n\t\t\t\t\t<\/div>\n\t\t<\/div>\n\t\t\t\t\t\t\t\t<\/div>\n\t\t\t\t\t<\/div>\n\t\t<\/section>\n\t\t\t\t<section class=\"elementor-section elementor-top-section elementor-element elementor-element-173d073 elementor-section-boxed elementor-section-height-default elementor-section-height-default\" data-id=\"173d073\" data-element_type=\"section\">\n\t\t\t\t\t\t<div class=\"elementor-container elementor-column-gap-default\">\n\t\t\t\t\t\t\t<div class=\"elementor-row\">\n\t\t\t\t\t<div class=\"elementor-column elementor-col-100 elementor-top-column elementor-element elementor-element-d785d1d\" data-id=\"d785d1d\" data-element_type=\"column\">\n\t\t\t<div class=\"elementor-column-wrap elementor-element-populated\">\n\t\t\t\t\t\t\t<div class=\"elementor-widget-wrap\">\n\t\t\t\t\t\t<div class=\"elementor-element elementor-element-e747d84 elementor-widget elementor-widget-spacer\" data-id=\"e747d84\" data-element_type=\"widget\" data-widget_type=\"spacer.default\">\n\t\t\t\t<div class=\"elementor-widget-container\">\n\t\t\t\t\t<div class=\"elementor-spacer\">\n\t\t\t<div class=\"elementor-spacer-inner\"><\/div>\n\t\t<\/div>\n\t\t\t\t<\/div>\n\t\t\t\t<\/div>\n\t\t\t\t\t\t<\/div>\n\t\t\t\t\t<\/div>\n\t\t<\/div>\n\t\t\t\t\t\t\t\t<\/div>\n\t\t\t\t\t<\/div>\n\t\t<\/section>\n\t\t\t\t<section class=\"elementor-section elementor-top-section elementor-element elementor-element-5e376cd elementor-section-boxed elementor-section-height-default elementor-section-height-default\" data-id=\"5e376cd\" data-element_type=\"section\">\n\t\t\t\t\t\t<div class=\"elementor-container elementor-column-gap-default\">\n\t\t\t\t\t\t\t<div class=\"elementor-row\">\n\t\t\t\t\t<div class=\"elementor-column elementor-col-100 elementor-top-column elementor-element elementor-element-3dd5190\" data-id=\"3dd5190\" data-element_type=\"column\">\n\t\t\t<div class=\"elementor-column-wrap elementor-element-populated\">\n\t\t\t\t\t\t\t<div class=\"elementor-widget-wrap\">\n\t\t\t\t\t\t<div class=\"elementor-element elementor-element-aec3e19 elementor-widget elementor-widget-heading\" data-id=\"aec3e19\" data-element_type=\"widget\" data-widget_type=\"heading.default\">\n\t\t\t\t<div class=\"elementor-widget-container\">\n\t\t\t<h2 class=\"elementor-heading-title elementor-size-default\">PALVELUT<\/h2>\t\t<\/div>\n\t\t\t\t<\/div>\n\t\t\t\t\t\t<\/div>\n\t\t\t\t\t<\/div>\n\t\t<\/div>\n\t\t\t\t\t\t\t\t<\/div>\n\t\t\t\t\t<\/div>\n\t\t<\/section>\n\t\t\t\t<section class=\"elementor-section elementor-top-section elementor-element elementor-element-e2673eb elementor-section-boxed elementor-section-height-default elementor-section-height-default\" data-id=\"e2673eb\" data-element_type=\"section\">\n\t\t\t\t\t\t\t<div class=\"elementor-background-overlay\"><\/div>\n\t\t\t\t\t\t\t<div class=\"elementor-container elementor-column-gap-default\">\n\t\t\t\t\t\t\t<div class=\"elementor-row\">\n\t\t\t\t\t<div class=\"elementor-column elementor-col-100 elementor-top-column elementor-element elementor-element-eb066dd\" data-id=\"eb066dd\" data-element_type=\"column\">\n\t\t\t<div class=\"elementor-column-wrap elementor-element-populated\">\n\t\t\t\t\t\t\t<div class=\"elementor-widget-wrap\">\n\t\t\t\t\t\t<div class=\"elementor-element elementor-element-f143dbf elementor-widget elementor-widget-image\" data-id=\"f143dbf\" data-element_type=\"widget\" data-widget_type=\"image.default\">\n\t\t\t\t<div class=\"elementor-widget-container\">\n\t\t\t\t\t\t\t\t<div class=\"elementor-image\">\n\t\t\t\t\t\t\t\t\t\t\t\t<img width=\"600\" height=\"450\" src=\"https:\/\/kognito.fi\/wp-content\/uploads\/2021\/03\/Bocker-600x450.jpg\" class=\"attachment-post-thumbnail size-post-thumbnail\" alt=\"Koulutusta muistisairaan hyv\u00e4st\u00e4 hoidosta\" loading=\"lazy\" srcset=\"https:\/\/kognito.fi\/wp-content\/uploads\/2021\/03\/Bocker-600x450.jpg 600w, https:\/\/kognito.fi\/wp-content\/uploads\/2021\/03\/Bocker-16x12.jpg 16w\" sizes=\"(max-width: 600px) 100vw, 600px\" \/>\t\t\t\t\t\t\t\t\t\t\t\t\t\t<\/div>\n\t\t\t\t\t\t<\/div>\n\t\t\t\t<\/div>\n\t\t\t\t\t\t<\/div>\n\t\t\t\t\t<\/div>\n\t\t<\/div>\n\t\t\t\t\t\t\t\t<\/div>\n\t\t\t\t\t<\/div>\n\t\t<\/section>\n\t\t\t\t<section class=\"elementor-section elementor-top-section elementor-element elementor-element-840aca1 elementor-section-boxed elementor-section-height-default elementor-section-height-default\" data-id=\"840aca1\" data-element_type=\"section\">\n\t\t\t\t\t\t<div class=\"elementor-container elementor-column-gap-default\">\n\t\t\t\t\t\t\t<div class=\"elementor-row\">\n\t\t\t\t\t<div class=\"elementor-column elementor-col-50 elementor-top-column elementor-element elementor-element-f094ba5\" data-id=\"f094ba5\" data-element_type=\"column\">\n\t\t\t<div class=\"elementor-column-wrap elementor-element-populated\">\n\t\t\t\t\t\t\t<div class=\"elementor-widget-wrap\">\n\t\t\t\t\t\t<div class=\"elementor-element elementor-element-cb0cb9a elementor-widget elementor-widget-text-editor\" data-id=\"cb0cb9a\" data-element_type=\"widget\" data-widget_type=\"text-editor.default\">\n\t\t\t\t<div class=\"elementor-widget-container\">\n\t\t\t\t\t\t\t\t<div class=\"elementor-text-editor elementor-clearfix\">\n\t\t\t\t<h3><a href=\"https:\/\/kognito.fi\/palvelut\/\"><strong>Koulutus<\/strong><\/a><\/h3><p>Tarjoamme koulutusta muistisairaan henkil\u00f6n kohtaamisesta, huolenpidosta, hoidosta ja el\u00e4m\u00e4nlaadun parantamisesta. Koulutus suuntautuu t\u00e4ydennyskoulutuksena organisaatioiden, kuntien ja kuntayhtymien ty\u00f6yhteis\u00f6ille, alan j\u00e4rjest\u00f6ille sek\u00e4 terveydenhuoltoalan oppilaitoksille.<\/p>\t\t\t\t\t<\/div>\n\t\t\t\t\t\t<\/div>\n\t\t\t\t<\/div>\n\t\t\t\t\t\t<\/div>\n\t\t\t\t\t<\/div>\n\t\t<\/div>\n\t\t\t\t<div class=\"elementor-column elementor-col-50 elementor-top-column elementor-element elementor-element-81a1ad9\" data-id=\"81a1ad9\" data-element_type=\"column\">\n\t\t\t<div class=\"elementor-column-wrap elementor-element-populated\">\n\t\t\t\t\t\t\t<div class=\"elementor-widget-wrap\">\n\t\t\t\t\t\t<div class=\"elementor-element elementor-element-9128140 elementor-widget elementor-widget-text-editor\" data-id=\"9128140\" data-element_type=\"widget\" data-widget_type=\"text-editor.default\">\n\t\t\t\t<div class=\"elementor-widget-container\">\n\t\t\t\t\t\t\t\t<div class=\"elementor-text-editor elementor-clearfix\">\n\t\t\t\t<h3><a href=\"https:\/\/kognito.fi\/palvelut\/\"><strong>Ohjaus<\/strong><\/a><\/h3><p>Kouluttajamme ohjaa muistisairaiden hoidon ja huolenpidon ongelmakohtien ja haasteiden ohjaus ja yhteinen reflektointi ty\u00f6yhteis\u00f6iss\u00e4. Ohjaus laadukkaaseen, osallistavaan ja arvokkaaseen muistisairaan kohtaamiseen ja hoitoty\u00f6h\u00f6n.<\/p>\t\t\t\t\t<\/div>\n\t\t\t\t\t\t<\/div>\n\t\t\t\t<\/div>\n\t\t\t\t\t\t<\/div>\n\t\t\t\t\t<\/div>\n\t\t<\/div>\n\t\t\t\t\t\t\t\t<\/div>\n\t\t\t\t\t<\/div>\n\t\t<\/section>\n\t\t\t\t<section class=\"elementor-section elementor-top-section elementor-element elementor-element-b24a271 elementor-section-boxed elementor-section-height-default elementor-section-height-default\" data-id=\"b24a271\" data-element_type=\"section\">\n\t\t\t\t\t\t<div class=\"elementor-container elementor-column-gap-default\">\n\t\t\t\t\t\t\t<div class=\"elementor-row\">\n\t\t\t\t\t<div class=\"elementor-column elementor-col-100 elementor-top-column elementor-element elementor-element-f9a8fdd\" data-id=\"f9a8fdd\" data-element_type=\"column\">\n\t\t\t<div class=\"elementor-column-wrap elementor-element-populated\">\n\t\t\t\t\t\t\t<div class=\"elementor-widget-wrap\">\n\t\t\t\t\t\t<div class=\"elementor-element elementor-element-5e0a742 elementor-widget elementor-widget-spacer\" data-id=\"5e0a742\" data-element_type=\"widget\" data-widget_type=\"spacer.default\">\n\t\t\t\t<div class=\"elementor-widget-container\">\n\t\t\t\t\t<div class=\"elementor-spacer\">\n\t\t\t<div class=\"elementor-spacer-inner\"><\/div>\n\t\t<\/div>\n\t\t\t\t<\/div>\n\t\t\t\t<\/div>\n\t\t\t\t\t\t<\/div>\n\t\t\t\t\t<\/div>\n\t\t<\/div>\n\t\t\t\t\t\t\t\t<\/div>\n\t\t\t\t\t<\/div>\n\t\t<\/section>\n\t\t\t\t<section class=\"elementor-section elementor-top-section elementor-element elementor-element-d05ad14 elementor-section-boxed elementor-section-height-default elementor-section-height-default\" data-id=\"d05ad14\" data-element_type=\"section\">\n\t\t\t\t\t\t<div class=\"elementor-container elementor-column-gap-default\">\n\t\t\t\t\t\t\t<div class=\"elementor-row\">\n\t\t\t\t\t<div class=\"elementor-column elementor-col-100 elementor-top-column elementor-element elementor-element-6245e9c\" data-id=\"6245e9c\" data-element_type=\"column\">\n\t\t\t<div class=\"elementor-column-wrap elementor-element-populated\">\n\t\t\t\t\t\t\t<div class=\"elementor-widget-wrap\">\n\t\t\t\t\t\t<div class=\"elementor-element elementor-element-130f3b3 elementor-hidden-phone elementor-widget elementor-widget-image\" data-id=\"130f3b3\" data-element_type=\"widget\" data-widget_type=\"image.default\">\n\t\t\t\t<div class=\"elementor-widget-container\">\n\t\t\t\t\t\t\t\t<div class=\"elementor-image\">\n\t\t\t\t\t\t\t\t\t\t\t\t<img width=\"600\" height=\"450\" src=\"https:\/\/kognito.fi\/wp-content\/uploads\/2021\/04\/Kognito_konsultaatio-600x450.jpeg\" class=\"attachment-post-thumbnail size-post-thumbnail\" alt=\"Konsultaatiot muistisairauksista\" loading=\"lazy\" srcset=\"https:\/\/kognito.fi\/wp-content\/uploads\/2021\/04\/Kognito_konsultaatio-600x450.jpeg 600w, https:\/\/kognito.fi\/wp-content\/uploads\/2021\/04\/Kognito_konsultaatio-300x225.jpeg 300w, https:\/\/kognito.fi\/wp-content\/uploads\/2021\/04\/Kognito_konsultaatio-1024x768.jpeg 1024w, https:\/\/kognito.fi\/wp-content\/uploads\/2021\/04\/Kognito_konsultaatio-768x576.jpeg 768w, https:\/\/kognito.fi\/wp-content\/uploads\/2021\/04\/Kognito_konsultaatio-1536x1152.jpeg 1536w, https:\/\/kognito.fi\/wp-content\/uploads\/2021\/04\/Kognito_konsultaatio-16x12.jpeg 16w, https:\/\/kognito.fi\/wp-content\/uploads\/2021\/04\/Kognito_konsultaatio.jpeg 1600w\" sizes=\"(max-width: 600px) 100vw, 600px\" \/>\t\t\t\t\t\t\t\t\t\t\t\t\t\t<\/div>\n\t\t\t\t\t\t<\/div>\n\t\t\t\t<\/div>\n\t\t\t\t\t\t<\/div>\n\t\t\t\t\t<\/div>\n\t\t<\/div>\n\t\t\t\t\t\t\t\t<\/div>\n\t\t\t\t\t<\/div>\n\t\t<\/section>\n\t\t\t\t<section class=\"elementor-section elementor-top-section elementor-element elementor-element-bf9fad8 elementor-section-boxed elementor-section-height-default elementor-section-height-default\" data-id=\"bf9fad8\" data-element_type=\"section\">\n\t\t\t\t\t\t<div class=\"elementor-container elementor-column-gap-default\">\n\t\t\t\t\t\t\t<div class=\"elementor-row\">\n\t\t\t\t\t<div class=\"elementor-column elementor-col-50 elementor-top-column elementor-element elementor-element-16f1a79\" data-id=\"16f1a79\" data-element_type=\"column\">\n\t\t\t<div class=\"elementor-column-wrap elementor-element-populated\">\n\t\t\t\t\t\t\t<div class=\"elementor-widget-wrap\">\n\t\t\t\t\t\t<div class=\"elementor-element elementor-element-77cd642 elementor-widget elementor-widget-text-editor\" data-id=\"77cd642\" data-element_type=\"widget\" data-widget_type=\"text-editor.default\">\n\t\t\t\t<div class=\"elementor-widget-container\">\n\t\t\t\t\t\t\t\t<div class=\"elementor-text-editor elementor-clearfix\">\n\t\t\t\t<h3><a href=\"https:\/\/kognito.fi\/palvelut\/\"><strong>Asiantuntijapalvelut<\/strong><\/a><\/h3><p>Muistisairaiden ihmisten huolenpidon, kohtaamisen ja ymm\u00e4rt\u00e4misen kehitt\u00e4minen organisaatioissa\/kunnissa sek\u00e4 ty\u00f6yhteis\u00f6jen l\u00e4hestymistavan ja osaamisen kehitt\u00e4minen.<\/p>\t\t\t\t\t<\/div>\n\t\t\t\t\t\t<\/div>\n\t\t\t\t<\/div>\n\t\t\t\t\t\t<\/div>\n\t\t\t\t\t<\/div>\n\t\t<\/div>\n\t\t\t\t<div class=\"elementor-column elementor-col-50 elementor-top-column elementor-element elementor-element-6f61821\" data-id=\"6f61821\" data-element_type=\"column\">\n\t\t\t<div class=\"elementor-column-wrap elementor-element-populated\">\n\t\t\t\t\t\t\t<div class=\"elementor-widget-wrap\">\n\t\t\t\t\t\t<div class=\"elementor-element elementor-element-eee6082 elementor-widget elementor-widget-text-editor\" data-id=\"eee6082\" data-element_type=\"widget\" data-widget_type=\"text-editor.default\">\n\t\t\t\t<div class=\"elementor-widget-container\">\n\t\t\t\t\t\t\t\t<div class=\"elementor-text-editor elementor-clearfix\">\n\t\t\t\t<h3><a href=\"https:\/\/kognito.fi\/palvelut\/\"><strong>Konsultaatio <\/strong><\/a><\/h3><p>Tarjoamme tietoa palveluj\u00e4rjest\u00e4jien tukipalveluista ja arjen voimavaroista muistisairaille ihmisille, heid\u00e4n l\u00e4heisilleen ja ty\u00f6yhteis\u00f6ille.<\/p>\t\t\t\t\t<\/div>\n\t\t\t\t\t\t<\/div>\n\t\t\t\t<\/div>\n\t\t\t\t\t\t<\/div>\n\t\t\t\t\t<\/div>\n\t\t<\/div>\n\t\t\t\t\t\t\t\t<\/div>\n\t\t\t\t\t<\/div>\n\t\t<\/section>\n\t\t\t\t\t\t\t\t\t<\/div>\n\t\t\t<\/div>\n\t\t\t\t\t<\/div>\n\t\t","protected":false},"excerpt":{"rendered":"<p>Ajattele jos ik\u00e4\u00e4ntyminen olisi kuin el\u00e4m\u00e4n kev\u00e4t? MUISTISAIRAAN IHMISEN HYV\u00c4N HOIDON KOULUTUSPALVELU Kognito Finland Oy Ab on vuonna 2021 perustettu kaksikielinen yritys tavoitteenaan tarjota korkealaatuista&hellip;<\/p>\n","protected":false},"author":1,"featured_media":134,"parent":0,"menu_order":0,"comment_status":"closed","ping_status":"closed","template":"elementor_theme","meta":[],"_links":{"self":[{"href":"https:\/\/kognito.fi\/fi\/wp-json\/wp\/v2\/pages\/34"}],"collection":[{"href":"https:\/\/kognito.fi\/fi\/wp-json\/wp\/v2\/pages"}],"about":[{"href":"https:\/\/kognito.fi\/fi\/wp-json\/wp\/v2\/types\/page"}],"author":[{"embeddable":true,"href":"https:\/\/kognito.fi\/fi\/wp-json\/wp\/v2\/users\/1"}],"replies":[{"embeddable":true,"href":"https:\/\/kognito.fi\/fi\/wp-json\/wp\/v2\/comments?post=34"}],"version-history":[{"count":155,"href":"https:\/\/kognito.fi\/fi\/wp-json\/wp\/v2\/pages\/34\/revisions"}],"predecessor-version":[{"id":726,"href":"https:\/\/kognito.fi\/fi\/wp-json\/wp\/v2\/pages\/34\/revisions\/726"}],"wp:featuredmedia":[{"embeddable":true,"href":"https:\/\/kognito.fi\/fi\/wp-json\/wp\/v2\/media\/134"}],"wp:attachment":[{"href":"https:\/\/kognito.fi\/fi\/wp-json\/wp\/v2\/media?parent=34"}],"curies":[{"name":"wp","href":"https:\/\/api.w.org\/{rel}","templated":true}]}}