{"id":2,"date":"2020-08-25T18:02:51","date_gmt":"2020-08-25T18:02:51","guid":{"rendered":"https:\/\/kognito.fi\/?page_id=2"},"modified":"2022-09-17T15:24:48","modified_gmt":"2022-09-17T15:24:48","slug":"palvelut","status":"publish","type":"page","link":"https:\/\/kognito.fi\/fi\/palvelut\/","title":{"rendered":"Palvelut"},"content":{"rendered":"\t\t<div data-elementor-type=\"wp-page\" data-elementor-id=\"2\" class=\"elementor elementor-2\">\n\t\t\t\t\t\t<div class=\"elementor-inner\">\n\t\t\t\t<div class=\"elementor-section-wrap\">\n\t\t\t\t\t\t\t\t\t<section class=\"elementor-section elementor-top-section elementor-element elementor-element-ea79e2b elementor-section-boxed elementor-section-height-default elementor-section-height-default\" data-id=\"ea79e2b\" data-element_type=\"section\">\n\t\t\t\t\t\t<div class=\"elementor-container elementor-column-gap-default\">\n\t\t\t\t\t\t\t<div class=\"elementor-row\">\n\t\t\t\t\t<div class=\"elementor-column elementor-col-100 elementor-top-column elementor-element elementor-element-351d43c\" data-id=\"351d43c\" data-element_type=\"column\">\n\t\t\t<div class=\"elementor-column-wrap elementor-element-populated\">\n\t\t\t\t\t\t\t<div class=\"elementor-widget-wrap\">\n\t\t\t\t\t\t<div class=\"elementor-element elementor-element-327f1dd elementor-widget elementor-widget-heading\" data-id=\"327f1dd\" data-element_type=\"widget\" data-widget_type=\"heading.default\">\n\t\t\t\t<div class=\"elementor-widget-container\">\n\t\t\t<h1 class=\"elementor-heading-title elementor-size-xl\">Asiantuntevat palvelut<\/h1>\t\t<\/div>\n\t\t\t\t<\/div>\n\t\t\t\t\t\t<\/div>\n\t\t\t\t\t<\/div>\n\t\t<\/div>\n\t\t\t\t\t\t\t\t<\/div>\n\t\t\t\t\t<\/div>\n\t\t<\/section>\n\t\t\t\t<section class=\"elementor-section elementor-top-section elementor-element elementor-element-3fb4a41 elementor-section-boxed elementor-section-height-default elementor-section-height-default\" data-id=\"3fb4a41\" data-element_type=\"section\">\n\t\t\t\t\t\t<div class=\"elementor-container elementor-column-gap-default\">\n\t\t\t\t\t\t\t<div class=\"elementor-row\">\n\t\t\t\t\t<div class=\"elementor-column elementor-col-50 elementor-top-column elementor-element elementor-element-2e7eb20\" data-id=\"2e7eb20\" data-element_type=\"column\">\n\t\t\t<div class=\"elementor-column-wrap elementor-element-populated\">\n\t\t\t\t\t\t\t<div class=\"elementor-widget-wrap\">\n\t\t\t\t\t\t<div class=\"elementor-element elementor-element-7696b88 elementor-widget elementor-widget-text-editor\" data-id=\"7696b88\" data-element_type=\"widget\" data-widget_type=\"text-editor.default\">\n\t\t\t\t<div class=\"elementor-widget-container\">\n\t\t\t\t\t\t\t\t<div class=\"elementor-text-editor elementor-clearfix\">\n\t\t\t\t<p>Jokaisella on oikeus ihmisarvoa kunnioittavaan ja el\u00e4m\u00e4nlaatua yll\u00e4pit\u00e4v\u00e4\u00e4n hyv\u00e4\u00e4n huolenpitoon ja hoitoon. Hyv\u00e4 hoito ja huolenpito on n\u00e4ytt\u00f6\u00f6n, hoitosuosituksiin ja vaikuttaviin hoitomenetelmiin perustuvaa. Muistisairaan ihmisen paras mahdollinen hoito ja huolenpito muodostuu kokonaisuudesta, jossa monet eri osa-alueet kohtaavat.&nbsp;<\/p><p>Hyv\u00e4 hoito on paljon enemm\u00e4n, kun vain sairauksien hoitoa. Se on esimerkiksi el\u00e4m\u00e4nlaadun, toimintakyvyn ja osallisuuden tukemista ja mahdollistamista. Hoidon on oltava sek\u00e4 objektiivisesti ett\u00e4 subjektiivisesti hyv\u00e4\u00e4. Subjektiivisesti hyv\u00e4 hoito tarkoittaa palveluja ja hoitoa vastaanottavan kokemusta hyvist\u00e4 palveluista ja hoidosta. Hyv\u00e4 hoito perustuu monialaiseen osaamiseen ja koostuu muistisairaalle ihmisille ja h\u00e4nen l\u00e4heisilleen j\u00e4rjestetyist\u00e4 ennakoivista, oikein kohdennetuista sek\u00e4 turvallisista palveluista, kuntoutuksesta, hoidosta ja huolenpidosta, jossa yksil\u00f6 kokee itsens\u00e4 osalliseksi.<\/p>\n<p>Asiantuntijallamme Sofie Klaw\u00e9r-Kalliolla on pitk\u00e4n kokemus muistisairaiden hoidosta ja huolenpidosta. Lue lis\u00e4\u00e4 Sofiesta <a href=\"https:\/\/kognito.fi\/fi\/tietoa\/\">t\u00e4st\u00e4<\/a>.<\/p>\t\t\t\t\t<\/div>\n\t\t\t\t\t\t<\/div>\n\t\t\t\t<\/div>\n\t\t\t\t\t\t<\/div>\n\t\t\t\t\t<\/div>\n\t\t<\/div>\n\t\t\t\t<div class=\"elementor-column elementor-col-50 elementor-top-column elementor-element elementor-element-18dba21\" data-id=\"18dba21\" data-element_type=\"column\">\n\t\t\t<div class=\"elementor-column-wrap elementor-element-populated\">\n\t\t\t\t\t\t\t<div class=\"elementor-widget-wrap\">\n\t\t\t\t\t\t<div class=\"elementor-element elementor-element-1ebd7e7 elementor-align-center elementor-widget elementor-widget-button\" data-id=\"1ebd7e7\" data-element_type=\"widget\" data-widget_type=\"button.default\">\n\t\t\t\t<div class=\"elementor-widget-container\">\n\t\t\t\t\t<div class=\"elementor-button-wrapper\">\n\t\t\t<a href=\"https:\/\/kognito.fi\/fi\/tarjouspyynto\/\" rel=\"nofollow\" class=\"elementor-button-link elementor-button elementor-size-xl\" role=\"button\" id=\"Tarjous\">\n\t\t\t\t\t\t<span class=\"elementor-button-content-wrapper\">\n\t\t\t\t\t\t<span class=\"elementor-button-text\">Pyyd\u00e4 tarjous<\/span>\n\t\t<\/span>\n\t\t\t\t\t<\/a>\n\t\t<\/div>\n\t\t\t\t<\/div>\n\t\t\t\t<\/div>\n\t\t\t\t\t\t<\/div>\n\t\t\t\t\t<\/div>\n\t\t<\/div>\n\t\t\t\t\t\t\t\t<\/div>\n\t\t\t\t\t<\/div>\n\t\t<\/section>\n\t\t\t\t<section class=\"elementor-section elementor-top-section elementor-element elementor-element-55336de elementor-section-boxed elementor-section-height-default elementor-section-height-default\" data-id=\"55336de\" data-element_type=\"section\">\n\t\t\t\t\t\t<div class=\"elementor-container elementor-column-gap-default\">\n\t\t\t\t\t\t\t<div class=\"elementor-row\">\n\t\t\t\t\t<div class=\"elementor-column elementor-col-100 elementor-top-column elementor-element elementor-element-c9ce889\" data-id=\"c9ce889\" data-element_type=\"column\">\n\t\t\t<div class=\"elementor-column-wrap elementor-element-populated\">\n\t\t\t\t\t\t\t<div class=\"elementor-widget-wrap\">\n\t\t\t\t\t\t<div class=\"elementor-element elementor-element-aa5b706 elementor-widget elementor-widget-spacer\" data-id=\"aa5b706\" data-element_type=\"widget\" data-widget_type=\"spacer.default\">\n\t\t\t\t<div class=\"elementor-widget-container\">\n\t\t\t\t\t<div class=\"elementor-spacer\">\n\t\t\t<div class=\"elementor-spacer-inner\"><\/div>\n\t\t<\/div>\n\t\t\t\t<\/div>\n\t\t\t\t<\/div>\n\t\t\t\t\t\t<\/div>\n\t\t\t\t\t<\/div>\n\t\t<\/div>\n\t\t\t\t\t\t\t\t<\/div>\n\t\t\t\t\t<\/div>\n\t\t<\/section>\n\t\t\t\t\t\t\t\t\t<\/div>\n\t\t\t<\/div>\n\t\t\t\t\t<\/div>\n\t\t","protected":false},"excerpt":{"rendered":"<p>Asiantuntevat palvelut Jokaisella on oikeus ihmisarvoa kunnioittavaan ja el\u00e4m\u00e4nlaatua yll\u00e4pit\u00e4v\u00e4\u00e4n hyv\u00e4\u00e4n huolenpitoon ja hoitoon. Hyv\u00e4 hoito ja huolenpito on n\u00e4ytt\u00f6\u00f6n, hoitosuosituksiin ja vaikuttaviin hoitomenetelmiin perustuvaa.&hellip;<\/p>\n","protected":false},"author":1,"featured_media":543,"parent":0,"menu_order":0,"comment_status":"closed","ping_status":"closed","template":"","meta":[],"_links":{"self":[{"href":"https:\/\/kognito.fi\/fi\/wp-json\/wp\/v2\/pages\/2"}],"collection":[{"href":"https:\/\/kognito.fi\/fi\/wp-json\/wp\/v2\/pages"}],"about":[{"href":"https:\/\/kognito.fi\/fi\/wp-json\/wp\/v2\/types\/page"}],"author":[{"embeddable":true,"href":"https:\/\/kognito.fi\/fi\/wp-json\/wp\/v2\/users\/1"}],"replies":[{"embeddable":true,"href":"https:\/\/kognito.fi\/fi\/wp-json\/wp\/v2\/comments?post=2"}],"version-history":[{"count":81,"href":"https:\/\/kognito.fi\/fi\/wp-json\/wp\/v2\/pages\/2\/revisions"}],"predecessor-version":[{"id":732,"href":"https:\/\/kognito.fi\/fi\/wp-json\/wp\/v2\/pages\/2\/revisions\/732"}],"wp:featuredmedia":[{"embeddable":true,"href":"https:\/\/kognito.fi\/fi\/wp-json\/wp\/v2\/media\/543"}],"wp:attachment":[{"href":"https:\/\/kognito.fi\/fi\/wp-json\/wp\/v2\/media?parent=2"}],"curies":[{"name":"wp","href":"https:\/\/api.w.org\/{rel}","templated":true}]}}