{"id":136,"date":"2020-10-07T07:09:10","date_gmt":"2020-10-07T07:09:10","guid":{"rendered":"https:\/\/kognito.fi\/?page_id=136"},"modified":"2022-09-17T15:28:46","modified_gmt":"2022-09-17T15:28:46","slug":"kognitiiviset-sairaudet","status":"publish","type":"page","link":"https:\/\/kognito.fi\/fi\/kognitiiviset-sairaudet\/","title":{"rendered":"Kognitiiviset sairaudet"},"content":{"rendered":"\t\t<div data-elementor-type=\"wp-page\" data-elementor-id=\"136\" class=\"elementor elementor-136\">\n\t\t\t\t\t\t<div class=\"elementor-inner\">\n\t\t\t\t<div class=\"elementor-section-wrap\">\n\t\t\t\t\t\t\t\t\t<section class=\"elementor-section elementor-top-section elementor-element elementor-element-5a8f8ea elementor-section-boxed elementor-section-height-default elementor-section-height-default\" data-id=\"5a8f8ea\" data-element_type=\"section\">\n\t\t\t\t\t\t<div class=\"elementor-container elementor-column-gap-default\">\n\t\t\t\t\t\t\t<div class=\"elementor-row\">\n\t\t\t\t\t<div class=\"elementor-column elementor-col-100 elementor-top-column elementor-element elementor-element-23a8621\" data-id=\"23a8621\" data-element_type=\"column\">\n\t\t\t<div class=\"elementor-column-wrap elementor-element-populated\">\n\t\t\t\t\t\t\t<div class=\"elementor-widget-wrap\">\n\t\t\t\t\t\t<div class=\"elementor-element elementor-element-d950e54 elementor-widget elementor-widget-heading\" data-id=\"d950e54\" data-element_type=\"widget\" data-widget_type=\"heading.default\">\n\t\t\t\t<div class=\"elementor-widget-container\">\n\t\t\t<h1 class=\"elementor-heading-title elementor-size-default\">Kognitiiviset sairaudet<\/h1>\t\t<\/div>\n\t\t\t\t<\/div>\n\t\t\t\t\t\t<\/div>\n\t\t\t\t\t<\/div>\n\t\t<\/div>\n\t\t\t\t\t\t\t\t<\/div>\n\t\t\t\t\t<\/div>\n\t\t<\/section>\n\t\t\t\t<section class=\"elementor-section elementor-top-section elementor-element elementor-element-9bd23fd elementor-section-boxed elementor-section-height-default elementor-section-height-default\" data-id=\"9bd23fd\" data-element_type=\"section\">\n\t\t\t\t\t\t<div class=\"elementor-container elementor-column-gap-default\">\n\t\t\t\t\t\t\t<div class=\"elementor-row\">\n\t\t\t\t\t<div class=\"elementor-column elementor-col-50 elementor-top-column elementor-element elementor-element-31ba50f\" data-id=\"31ba50f\" data-element_type=\"column\">\n\t\t\t<div class=\"elementor-column-wrap elementor-element-populated\">\n\t\t\t\t\t\t\t<div class=\"elementor-widget-wrap\">\n\t\t\t\t\t\t<div class=\"elementor-element elementor-element-2e39acb elementor-widget elementor-widget-text-editor\" data-id=\"2e39acb\" data-element_type=\"widget\" data-widget_type=\"text-editor.default\">\n\t\t\t\t<div class=\"elementor-widget-container\">\n\t\t\t\t\t\t\t\t<div class=\"elementor-text-editor elementor-clearfix\">\n\t\t\t\t<p>Suomessa puhutaan yleisesti muistisairauksista, kun taas maailmanlaajuisesti yleisesti k\u00e4yt\u00f6ss\u00e4 oleva k\u00e4site on dementia. Viime vuosina yleistyv\u00e4 k\u00e4site on kognitiiviset sairaudet ja kognitiivinen heikentym\u00e4, sill\u00e4 yhteist\u00e4 kaikille muistisairauksille on vaikutus kognitioon. Yleisimm\u00e4t muistisairaudet ovat Alzheimerin tauti, Vaskulaarinen tauti, Lewy body sairaus ja Frontotemporaalinen tauti, n\u00e4ill\u00e4 taudinmuodoilla on useita alamuotoja ja lis\u00e4ksi l\u00f6ytyy viel\u00e4 harvinaisempiakin muistisairauden muotoja.<\/p><p>Muistisairaudet ovat yhteisnimitys kuvastamaan l\u00e4hes 100 eri aivorappeumaa aiheuttavaa sairautta. Muistisairaus ei kuulu luonnolliseen ik\u00e4\u00e4ntymiseen tai ole ainoastaan yksi sairaus vaan diagnoosi monille oireille, jotka johtuvat eri sairauksista tai vammoista. Muistisairaudet ovat kansantauti, johon sairastuu Suomessa vuosittain noin 14 500 henkil\u00f6\u00e4. Muistisairautta sairastavien m\u00e4\u00e4r\u00e4n maassamme arvioidaan olevan l\u00e4hes 200 000 ja lis\u00e4ksi yht\u00e4 monella on heikentynyt kognitio. Maailmanlaajuisesti joku sairastuu muistisairauteen joka kolmas sekunti. Globaalisti muistisairautta sairastavien m\u00e4\u00e4r\u00e4 on noin 50 miljoonaa ihmist\u00e4 ja nykyisten ennusteiden mukaan m\u00e4\u00e4r\u00e4 tulee kolminkertaistumaan vuoteen 2050 menness\u00e4. T\u00e4m\u00e4 tuo luonnollisesti mukanaan uusia haasteita, joihin meid\u00e4n on yhteisesti varauduttava ennaltaehk\u00e4isevill\u00e4, aivoterveytt\u00e4 edist\u00e4vill\u00e4 ja yll\u00e4pit\u00e4vill\u00e4 toiminnoilla sek\u00e4 laadukkaisiin ja arvostaviin palveluj\u00e4rjestelmiin sek\u00e4 hoitoon panostamalla.\u00a0 Jo nyt maassamme pitk\u00e4aikaishoidon piiriss\u00e4 olevista ihmisist\u00e4 kolmella nelj\u00e4st\u00e4 on jokin etenev\u00e4 muistisairaus.<\/p>\t\t\t\t\t<\/div>\n\t\t\t\t\t\t<\/div>\n\t\t\t\t<\/div>\n\t\t\t\t\t\t<\/div>\n\t\t\t\t\t<\/div>\n\t\t<\/div>\n\t\t\t\t<div class=\"elementor-column elementor-col-50 elementor-top-column elementor-element elementor-element-4120e5d\" data-id=\"4120e5d\" data-element_type=\"column\">\n\t\t\t<div class=\"elementor-column-wrap elementor-element-populated\">\n\t\t\t\t\t\t\t<div class=\"elementor-widget-wrap\">\n\t\t\t\t\t\t<div class=\"elementor-element elementor-element-3c16125 elementor-widget elementor-widget-image\" data-id=\"3c16125\" data-element_type=\"widget\" data-widget_type=\"image.default\">\n\t\t\t\t<div class=\"elementor-widget-container\">\n\t\t\t\t\t\t\t\t<div class=\"elementor-image\">\n\t\t\t\t\t\t\t\t\t\t\t\t<img width=\"525\" height=\"525\" src=\"https:\/\/kognito.fi\/wp-content\/uploads\/2021\/03\/Hjarnhalsa-1024x1024.jpg\" class=\"attachment-large size-large\" alt=\"\" loading=\"lazy\" srcset=\"https:\/\/kognito.fi\/wp-content\/uploads\/2021\/03\/Hjarnhalsa-1024x1024.jpg 1024w, https:\/\/kognito.fi\/wp-content\/uploads\/2021\/03\/Hjarnhalsa-300x300.jpg 300w, https:\/\/kognito.fi\/wp-content\/uploads\/2021\/03\/Hjarnhalsa-150x150.jpg 150w, https:\/\/kognito.fi\/wp-content\/uploads\/2021\/03\/Hjarnhalsa-768x768.jpg 768w, https:\/\/kognito.fi\/wp-content\/uploads\/2021\/03\/Hjarnhalsa-1536x1536.jpg 1536w, https:\/\/kognito.fi\/wp-content\/uploads\/2021\/03\/Hjarnhalsa-2048x2048.jpg 2048w, https:\/\/kognito.fi\/wp-content\/uploads\/2021\/03\/Hjarnhalsa-12x12.jpg 12w\" sizes=\"(max-width: 525px) 100vw, 525px\" \/>\t\t\t\t\t\t\t\t\t\t\t\t\t\t<\/div>\n\t\t\t\t\t\t<\/div>\n\t\t\t\t<\/div>\n\t\t\t\t\t\t<\/div>\n\t\t\t\t\t<\/div>\n\t\t<\/div>\n\t\t\t\t\t\t\t\t<\/div>\n\t\t\t\t\t<\/div>\n\t\t<\/section>\n\t\t\t\t\t\t\t\t\t<\/div>\n\t\t\t<\/div>\n\t\t\t\t\t<\/div>\n\t\t","protected":false},"excerpt":{"rendered":"<p>Kognitiiviset sairaudet Suomessa puhutaan yleisesti muistisairauksista, kun taas maailmanlaajuisesti yleisesti k\u00e4yt\u00f6ss\u00e4 oleva k\u00e4site on dementia. Viime vuosina yleistyv\u00e4 k\u00e4site on kognitiiviset sairaudet ja kognitiivinen heikentym\u00e4,&hellip;<\/p>\n","protected":false},"author":1,"featured_media":438,"parent":0,"menu_order":0,"comment_status":"closed","ping_status":"closed","template":"","meta":[],"_links":{"self":[{"href":"https:\/\/kognito.fi\/fi\/wp-json\/wp\/v2\/pages\/136"}],"collection":[{"href":"https:\/\/kognito.fi\/fi\/wp-json\/wp\/v2\/pages"}],"about":[{"href":"https:\/\/kognito.fi\/fi\/wp-json\/wp\/v2\/types\/page"}],"author":[{"embeddable":true,"href":"https:\/\/kognito.fi\/fi\/wp-json\/wp\/v2\/users\/1"}],"replies":[{"embeddable":true,"href":"https:\/\/kognito.fi\/fi\/wp-json\/wp\/v2\/comments?post=136"}],"version-history":[{"count":12,"href":"https:\/\/kognito.fi\/fi\/wp-json\/wp\/v2\/pages\/136\/revisions"}],"predecessor-version":[{"id":738,"href":"https:\/\/kognito.fi\/fi\/wp-json\/wp\/v2\/pages\/136\/revisions\/738"}],"wp:featuredmedia":[{"embeddable":true,"href":"https:\/\/kognito.fi\/fi\/wp-json\/wp\/v2\/media\/438"}],"wp:attachment":[{"href":"https:\/\/kognito.fi\/fi\/wp-json\/wp\/v2\/media?parent=136"}],"curies":[{"name":"wp","href":"https:\/\/api.w.org\/{rel}","templated":true}]}}